{"id":1110,"date":"2018-06-01T13:01:22","date_gmt":"2018-06-01T13:01:22","guid":{"rendered":"http:\/\/zantetheme.com\/?page_id=1110"},"modified":"2018-06-01T13:01:22","modified_gmt":"2018-06-01T13:01:22","slug":"testimonials","status":"publish","type":"page","link":"https:\/\/laposada.com.sv\/wp\/testimonials\/","title":{"rendered":"Testimonials"},"content":{"rendered":"<p>[vc_row][vc_column]\r\n        <div class=\"row flex-row\">\r\n            \t\t\t\t\t\t\t\t<!-- TESTIMONIAL GRID ITEM -->\r\n                <div class=\"col-lg-4 col-sm-6 \">\r\n                    <div class=\"testimonial-item\">\r\n\t\t                  <div class=\"review\">\r\n\t\t                        <h3>Excelente<\/h3>\r\n                                <div class=\"rating\">\r\n                                    <i class=\"fa fa-star\" aria-hidden=\"true\"><\/i><i class=\"fa fa-star\" aria-hidden=\"true\"><\/i><i class=\"fa fa-star\" aria-hidden=\"true\"><\/i><i class=\"fa fa-star\" aria-hidden=\"true\"><\/i><i class=\"fa fa-star\" aria-hidden=\"true\"><\/i>                                <\/div>\r\n\t\t                        <p>Este lugar es una verdadera joya, ubicado al final de una calle tranquila y a solo 10 minutos a pie del centro de la ciudad. Este es uno de los mejores hoteles en los que me he alojado en Am\u00e9rica Central. Si te gusta la arquitectura colonial aut\u00e9ntica, te encantar\u00e1 este lugar, \u00a1definitivamente es real! Limpio, amigable y confortable. Estuve 3 noches y ojal\u00e1 me hubiera quedado una semana. Organizaron el transporte para m\u00ed y los conductores fueron amables y serviciales. El restaurante del hotel era excelente para el desayuno y la cena con las mejores vistas del lago Suchitl\u00e1n en Suchitoto. Practica tu espa\u00f1ol ya que no escuch\u00e9 nada de ingl\u00e9s hablado durante mi estad\u00eda<\/p>\r\n\t\t                    <\/div>\r\n\t\t                    <div class=\"author\">\r\n                                                                    <img decoding=\"async\" src=\"https:\/\/laposada.com.sv\/wp\/wp-content\/uploads\/2018\/02\/user2.jpg\" alt=\"\" width=\"80\">\r\n                                \t\t                        <div class=\"author-info\">\r\n\t\t                            <h5><\/h5>\r\n\t\t                            <span class=\"author-loacation\">Miami, Florida<\/span>\r\n\t\t                        <\/div>\r\n\t\t                    <\/div>\r\n\t\t              <\/div>\r\n                <\/div>\r\n\r\n            \t\t\t\t\t\t\t\t<!-- TESTIMONIAL GRID ITEM -->\r\n                <div class=\"col-lg-4 col-sm-6 \">\r\n                    <div class=\"testimonial-item\">\r\n\t\t                  <div class=\"review\">\r\n\t\t                        <h3>Amabilidad<\/h3>\r\n                                <div class=\"rating\">\r\n                                    <i class=\"fa fa-star\" aria-hidden=\"true\"><\/i><i class=\"fa fa-star\" aria-hidden=\"true\"><\/i><i class=\"fa fa-star\" aria-hidden=\"true\"><\/i><i class=\"fa fa-star\" aria-hidden=\"true\"><\/i><i class=\"fa fa-star\" aria-hidden=\"true\"><\/i>                                <\/div>\r\n\t\t                        <p>Yo me hospede solo para un d\u00eda, y desde el primer momento que llegamos, el personal fue super amable! Me encant\u00f3 la tem\u00e1tica r\u00fastica! Y lo limpio del cuarto que hasta ol\u00eda a lavanda! Dorm\u00ed super bien y el desayuno y vista fue exquisito! Mega recomendado \ud83d\ude0c\ud83d\ude4c\ud83c\udffb\ud83e\udd29<\/p>\r\n\t\t                    <\/div>\r\n\t\t                    <div class=\"author\">\r\n                                                                    <img decoding=\"async\" src=\"https:\/\/laposada.com.sv\/wp\/wp-content\/uploads\/2021\/03\/comentarios-150x150.jpg\" alt=\"Mar\u00eda Jos\u00e9 Orantes\" width=\"80\">\r\n                                \t\t                        <div class=\"author-info\">\r\n\t\t                            <h5>Mar\u00eda Jos\u00e9 Orantes<\/h5>\r\n\t\t                            <span class=\"author-loacation\">El Salvador<\/span>\r\n\t\t                        <\/div>\r\n\t\t                    <\/div>\r\n\t\t              <\/div>\r\n                <\/div>\r\n\r\n                                <\/div>\r\n\r\n        [\/vc_column][\/vc_row]<\/p>\n","protected":false},"excerpt":{"rendered":"<p>[vc_row][vc_column][\/vc_column][\/vc_row]<\/p>\n","protected":false},"author":1,"featured_media":0,"parent":0,"menu_order":0,"comment_status":"closed","ping_status":"closed","template":"","meta":{"footnotes":""},"class_list":["post-1110","page","type-page","status-publish","hentry"],"_links":{"self":[{"href":"https:\/\/laposada.com.sv\/wp\/wp-json\/wp\/v2\/pages\/1110","targetHints":{"allow":["GET"]}}],"collection":[{"href":"https:\/\/laposada.com.sv\/wp\/wp-json\/wp\/v2\/pages"}],"about":[{"href":"https:\/\/laposada.com.sv\/wp\/wp-json\/wp\/v2\/types\/page"}],"author":[{"embeddable":true,"href":"https:\/\/laposada.com.sv\/wp\/wp-json\/wp\/v2\/users\/1"}],"replies":[{"embeddable":true,"href":"https:\/\/laposada.com.sv\/wp\/wp-json\/wp\/v2\/comments?post=1110"}],"version-history":[{"count":0,"href":"https:\/\/laposada.com.sv\/wp\/wp-json\/wp\/v2\/pages\/1110\/revisions"}],"wp:attachment":[{"href":"https:\/\/laposada.com.sv\/wp\/wp-json\/wp\/v2\/media?parent=1110"}],"curies":[{"name":"wp","href":"https:\/\/api.w.org\/{rel}","templated":true}]}}